{"id":26549,"date":"2023-05-21T02:57:51","date_gmt":"2023-05-21T00:57:51","guid":{"rendered":"https:\/\/www.dbsprintsa.com\/?page_id=26549"},"modified":"2023-05-25T21:28:36","modified_gmt":"2023-05-25T19:28:36","slug":"new-slider","status":"publish","type":"page","link":"https:\/\/www.dbsprintsa.com\/de\/new-slider\/","title":{"rendered":"New slider"},"content":{"rendered":"\t\t<div data-elementor-type=\"wp-page\" data-elementor-id=\"26549\" class=\"elementor elementor-26549\">\n\t\t\t\t\t\t<div class=\"elementor-inner\">\n\t\t\t\t<div class=\"elementor-section-wrap\">\n\t\t\t\t\t\t\t\t\t<section class=\"elementor-section elementor-top-section elementor-element elementor-element-5f05e9aa elementor-section-boxed elementor-section-height-default elementor-section-height-default\" data-id=\"5f05e9aa\" data-element_type=\"section\" data-settings=\"{&quot;jet_parallax_layout_list&quot;:[]}\">\n\t\t\t\t\t\t<div class=\"elementor-container elementor-column-gap-default\">\n\t\t\t\t\t\t\t<div class=\"elementor-row\">\n\t\t\t\t\t<div class=\"elementor-column elementor-col-100 elementor-top-column elementor-element elementor-element-5bdc07b\" data-id=\"5bdc07b\" data-element_type=\"column\">\n\t\t\t<div class=\"elementor-column-wrap elementor-element-populated\">\n\t\t\t\t\t\t\t<div class=\"elementor-widget-wrap\">\n\t\t\t\t\t\t\t<!-- <script type=\"text\/javascript\">\n\t\t\t\t(function ($) {\n\t\t\t\t\t$('#monslider').caroufredsel();\n\t\t\t\t})(jQuery);\n\t\t\t<\/script> -->\n\t\t\t\n\t\t\t<script type=\"text\/javascript\">\n\t\t\t\t(function ($) {\n\t\t\t\t\t$('.monslider-class-myziggi').slick({\n\t\t\t\tdots: false,\n\t\t\t\tinfinite: true,\n\t\t\t\tspeed: 300,\n\t\t\t\tslidesToShow: 5,\n\t\t\t\tslidesToScroll: 1,\n\t\t\t\tresponsive: [\n\t\t\t\t\t{\n\t\t\t\t\tbreakpoint: 1600,\n\t\t\t\t\tsettings: {\n\t\t\t\t\t\tslidesToShow: 3,\n\t\t\t\t\t\tslidesToScroll: 1,\n\t\t\t\t\t\tinfinite: true,\n\t\t\t\t\t\tdots: false\n\t\t\t\t\t}\n\t\t\t\t\t},\n\t\t\t\t\t{\n\t\t\t\t\tbreakpoint: 600,\n\t\t\t\t\tsettings: {\n\t\t\t\t\t\tslidesToShow: 1,\n\t\t\t\t\t\tslidesToScroll: 1\n\t\t\t\t\t}\n\t\t\t\t\t},\n\t\t\t\t\t{\n\t\t\t\t\tbreakpoint: 480,\n\t\t\t\t\tsettings: {\n\t\t\t\t\t\tslidesToShow: 1,\n\t\t\t\t\t\tslidesToScroll: 1\n\t\t\t\t\t}\n\t\t\t\t\t}\n\t\t\t\t]\n\t\t\t\t});\n\t\t\t})(jQuery);\n\t\t\t\n\t\t\t\t<\/script>\n\t\t\t\t\n\t\n\t\t\t<script type=\"text\/javascript\">\n\t\t\t\t(function ($) {\n\t\t\t\t\n\t\t\t\tvar elt = $(\".slick-active\");\n\t\t\t\tvar pos = (elt.length\/2)-.5;\n\t\t\t\t\/\/alert(count);\n\t\t\t\t$(\"[data-slick-index=\"+pos+\"]>a>span.title-span2-myziggi\").attr(\"class\", \"title-span2-myziggi-active\");\n\t\t\t\t\n\t\t\t})(jQuery);\n\t\t\t<\/script>\n\t\n\t\t\t<script type=\"text\/javascript\">\n\t\t\t\t(function ($) {\n\t\t\t\t$(\"button.slick-next\").click(function(){\n\t\t\t\t   \n\t\t\t\t\tvar slide1 = $(\"span.title-span2-myziggi-active\");\n\t\t\t\t\tslide1.attr(\"class\", \"title-span2-myziggi\");\n\t\n\t\t\t\t\tvar count = $(\"div.slick-active\");\n\t\t\t\t\tvar pos = parseInt(count.length\/2);\n\t\t\t\t\tvar slide2 =  $(\"div.slick-active:eq(\"+pos+\")>a>span.title-span2-myziggi\");\n\t\t\t\t\tslide2.attr(\"class\", \"title-span2-myziggi-active\");\n\t\n\t\t\t\t});\n\t\t\t})(jQuery);\n\t\n\t\t\t<\/script>\n\t\n\t<script type=\"text\/javascript\">\n\t\t\t\t(function ($) {\n\t\t\t\t$(\"button.slick-prev\").click(function(){\n\t\t\t\t   \n\t\t\t\t\tvar slide1 = $(\"span.title-span2-myziggi-active\");\n\t\t\t\t\tslide1.attr(\"class\", \"title-span2-myziggi\");\n\t\n\t\t\t\t\tvar count = $(\"div.slick-active\");\n\t\t\t\t\tvar pos = parseInt(count.length\/2);\n\t\t\t\t\tvar slide2 =  $(\"div.slick-active:eq(\"+pos+\")>a>span.title-span2-myziggi\");\n\t\t\t\t\tslide2.attr(\"class\", \"title-span2-myziggi-active\");\n\t\t\t\t});\n\t\t\t})(jQuery);\n\t\n\t\t\t<\/script>\n\t\n\t\t\t\t<div class=\"elementor-element elementor-element-6d30916f elementor-widget elementor-widget-text-editor\" data-id=\"6d30916f\" data-element_type=\"widget\" data-widget_type=\"text-editor.default\">\n\t\t\t\t<div class=\"elementor-widget-container\">\n\t\t\t\t\t\t\t\t<div class=\"elementor-text-editor elementor-clearfix\">\n\t\t\t\t\n\t\t\t<!-- START New parallax sliderdesktop2 REVOLUTION SLIDER 6.6.13 --><p class=\"rs-p-wp-fix\"><\/p>\n\t\t\t<rs-module-wrap id=\"rev_slider_48_1_wrapper\" data-source=\"gallery\" style=\"visibility:hidden;background:transparent;padding:0;margin:0px auto;margin-top:0;margin-bottom:0;\">\n\t\t\t\t<rs-module id=\"rev_slider_48_1\" style=\"\" data-version=\"6.6.13\">\n\t\t\t\t\t<rs-slides style=\"overflow: hidden; position: absolute;\">\n\t\t\t\t\t\t<rs-slide style=\"position: absolute;\" data-key=\"rs-190\" data-title=\"Slide\" data-in=\"o:0;\" data-out=\"a:false;\">\n\t\t\t\t\t\t\t<img decoding=\"async\" src=\"\/\/www.dbsprintsa.com\/wp-content\/uploads\/2023\/05\/matthieuBackgroundMountains-1.png\" alt=\"\" title=\"matthieuBackgroundMountains-1\" width=\"4924\" height=\"2462\" class=\"rev-slidebg tp-rs-img\" data-parallax=\"off\" data-no-retina>\n<!--\n\t\t\t\t\t\t\t--><rs-layer\n\t\t\t\t\t\t\t\tid=\"slider-48-slide-190-layer-0\" \n\t\t\t\t\t\t\t\tclass=\"rs-pxl-2\"\n\t\t\t\t\t\t\t\tdata-type=\"image\"\n\t\t\t\t\t\t\t\tdata-rsp_ch=\"on\"\n\t\t\t\t\t\t\t\tdata-xy=\"x:l,l,l,c;xo:-20px,-20px,-20px,0;y:b;yo:-341px,-341px,-341px,0;\"\n\t\t\t\t\t\t\t\tdata-text=\"w:normal;s:20,20,20,7;l:0,0,0,9;\"\n\t\t\t\t\t\t\t\tdata-dim=\"w:2420px,2420px,2420px,1631px;h:1210px,1210px,1210px,816px;\"\n\t\t\t\t\t\t\t\tdata-basealign=\"slide\"\n\t\t\t\t\t\t\t\tdata-frame_999=\"o:0;st:w;\"\n\t\t\t\t\t\t\t\tstyle=\"z-index:6;\"\n\t\t\t\t\t\t\t><img decoding=\"async\" src=\"\/\/www.dbsprintsa.com\/wp-content\/uploads\/2023\/05\/matthieuRocks.png\" alt=\"\" class=\"tp-rs-img\" width=\"4924\" height=\"2462\" data-no-retina> \n\t\t\t\t\t\t\t<\/rs-layer><!--\n\n\t\t\t\t\t\t\t--><rs-layer\n\t\t\t\t\t\t\t\tid=\"slider-48-slide-190-layer-1\" \n\t\t\t\t\t\t\t\tclass=\"rs-pxl-2\"\n\t\t\t\t\t\t\t\tdata-type=\"image\"\n\t\t\t\t\t\t\t\tdata-rsp_ch=\"on\"\n\t\t\t\t\t\t\t\tdata-xy=\"x:c;xo:-171px,-171px,-171px,76px;y:b;yo:-90px,-90px,-90px,36px;\"\n\t\t\t\t\t\t\t\tdata-text=\"w:normal;s:20,20,20,7;l:0,0,0,9;\"\n\t\t\t\t\t\t\t\tdata-dim=\"w:100%,100%,100%,956px;h:100%,100%,100%,478px;\"\n\t\t\t\t\t\t\t\tdata-basealign=\"slide\"\n\t\t\t\t\t\t\t\tdata-frame_999=\"o:0;st:w;\"\n\t\t\t\t\t\t\t\tstyle=\"z-index:7;\"\n\t\t\t\t\t\t\t><img decoding=\"async\" src=\"\/\/www.dbsprintsa.com\/wp-content\/uploads\/2023\/05\/matthieuClouds-1.png\" alt=\"\" class=\"tp-rs-img\" width=\"4924\" height=\"2462\" data-no-retina> \n\t\t\t\t\t\t\t<\/rs-layer><!--\n\n\t\t\t\t\t\t\t--><rs-layer\n\t\t\t\t\t\t\t\tid=\"slider-48-slide-190-layer-2\" \n\t\t\t\t\t\t\t\tclass=\"rs-pxl-3\"\n\t\t\t\t\t\t\t\tdata-type=\"image\"\n\t\t\t\t\t\t\t\tdata-rsp_ch=\"on\"\n\t\t\t\t\t\t\t\tdata-xy=\"x:r;xo:-82px,-82px,-82px,-30px;y:b;yo:-69px,-69px,-69px,-25px;\"\n\t\t\t\t\t\t\t\tdata-text=\"w:normal;s:20,20,20,7;l:0,0,0,9;\"\n\t\t\t\t\t\t\t\tdata-dim=\"w:['100%','100%','100%','100%'];h:['100%','100%','100%','100%'];\"\n\t\t\t\t\t\t\t\tdata-basealign=\"slide\"\n\t\t\t\t\t\t\t\tdata-frame_999=\"o:0;st:w;\"\n\t\t\t\t\t\t\t\tstyle=\"z-index:8;\"\n\t\t\t\t\t\t\t><img decoding=\"async\" src=\"\/\/www.dbsprintsa.com\/wp-content\/uploads\/2023\/05\/matthieuCloudBottom.png\" alt=\"\" class=\"tp-rs-img\" width=\"4924\" height=\"2462\" data-c=\"fullwidth\" data-no-retina> \n\t\t\t\t\t\t\t<\/rs-layer><!--\n\n\t\t\t\t\t\t\t--><rs-layer\n\t\t\t\t\t\t\t\tid=\"slider-48-slide-190-layer-3\" \n\t\t\t\t\t\t\t\tclass=\"rs-pxl-2\"\n\t\t\t\t\t\t\t\tdata-type=\"image\"\n\t\t\t\t\t\t\t\tdata-rsp_ch=\"on\"\n\t\t\t\t\t\t\t\tdata-xy=\"x:c;xo:-35px,-35px,-35px,-13px;y:b;yo:-118px,-118px,-118px,0;\"\n\t\t\t\t\t\t\t\tdata-text=\"w:normal;s:20,20,20,7;l:0,0,0,9;\"\n\t\t\t\t\t\t\t\tdata-dim=\"w:['100%','100%','100%','100%'];h:716px,716px,716px,638px;\"\n\t\t\t\t\t\t\t\tdata-basealign=\"slide\"\n\t\t\t\t\t\t\t\tdata-frame_999=\"o:0;st:w;\"\n\t\t\t\t\t\t\t\tstyle=\"z-index:11;\"\n\t\t\t\t\t\t\t><img decoding=\"async\" src=\"\/\/www.dbsprintsa.com\/wp-content\/uploads\/2023\/05\/matthieuShadow-1.png\" alt=\"\" class=\"tp-rs-img\" width=\"4924\" height=\"2462\" data-c=\"fullwidth\" data-no-retina> \n\t\t\t\t\t\t\t<\/rs-layer><!--\n\n\t\t\t\t\t\t\t--><rs-layer\n\t\t\t\t\t\t\t\tid=\"slider-48-slide-190-layer-4\" \n\t\t\t\t\t\t\t\tclass=\"rs-pxl-2\"\n\t\t\t\t\t\t\t\tdata-type=\"text\"\n\t\t\t\t\t\t\t\tdata-color=\"#000000\"\n\t\t\t\t\t\t\t\tdata-rsp_ch=\"on\"\n\t\t\t\t\t\t\t\tdata-xy=\"x:l,l,l,c;xo:220px,220px,220px,-193px;yo:154px,154px,154px,64px;\"\n\t\t\t\t\t\t\t\tdata-text=\"w:normal;s:66,66,66,40;l:66,66,66,40;a:center;\"\n\t\t\t\t\t\t\t\tdata-dim=\"w:110,110,110,54px;\"\n\t\t\t\t\t\t\t\tdata-basealign=\"slide\"\n\t\t\t\t\t\t\t\tdata-padding=\"t:12,12,12,5;r:12,12,12,5;b:12,12,12,5;l:12,12,12,5;\"\n\t\t\t\t\t\t\t\tdata-border=\"bos:solid;boc:#000000;bow:2px,2px,2px,2px;\"\n\t\t\t\t\t\t\t\tdata-frame_0=\"x:-47px,-47px,-47px,-17px;\"\n\t\t\t\t\t\t\t\tdata-frame_1=\"st:500;sp:1000;\"\n\t\t\t\t\t\t\t\tdata-frame_999=\"o:0;st:w;\"\n\t\t\t\t\t\t\t\tdata-frame_hover=\"c:#000;boc:#000;bos:solid;bow:2px,2px,2px,2px;\"\n\t\t\t\t\t\t\t\tstyle=\"z-index:13;font-family:'Roboto';\"\n\t\t\t\t\t\t\t><i class=\"fa-quote-left\"><\/i> \n\t\t\t\t\t\t\t<\/rs-layer><!--\n\n\t\t\t\t\t\t\t--><rs-layer\n\t\t\t\t\t\t\t\tid=\"slider-48-slide-190-layer-5\" \n\t\t\t\t\t\t\t\tclass=\"rs-pxl-2\"\n\t\t\t\t\t\t\t\tdata-type=\"image\"\n\t\t\t\t\t\t\t\tdata-rsp_ch=\"on\"\n\t\t\t\t\t\t\t\tdata-xy=\"x:c;xo:349px,349px,349px,-22px;y:b;yo:209px,209px,209px,327px;\"\n\t\t\t\t\t\t\t\tdata-text=\"w:normal;s:20,20,20,7;l:0,0,0,9;\"\n\t\t\t\t\t\t\t\tdata-dim=\"w:1191px,1191px,1191px,671px;h:596px,596px,596px,336px;\"\n\t\t\t\t\t\t\t\tdata-basealign=\"slide\"\n\t\t\t\t\t\t\t\tdata-frame_999=\"o:0;st:w;\"\n\t\t\t\t\t\t\t\tstyle=\"z-index:10;\"\n\t\t\t\t\t\t\t><img decoding=\"async\" src=\"\/\/www.dbsprintsa.com\/wp-content\/uploads\/2023\/05\/matthieuEagle.png\" alt=\"\" class=\"tp-rs-img\" width=\"4924\" height=\"2462\" data-no-retina> \n\t\t\t\t\t\t\t<\/rs-layer><!--\n\n\t\t\t\t\t\t\t--><rs-layer\n\t\t\t\t\t\t\t\tid=\"slider-text\" \n\t\t\t\t\t\t\t\tclass=\"rs-pxl-2\"\n\t\t\t\t\t\t\t\tdata-type=\"text\"\n\t\t\t\t\t\t\t\tdata-color=\"rgba(0, 0, 0, 0)\"\n\t\t\t\t\t\t\t\tdata-rsp_ch=\"on\"\n\t\t\t\t\t\t\t\tdata-xy=\"x:l,l,l,c;xo:273px,273px,273px,0;yo:226px,226px,226px,205px;\"\n\t\t\t\t\t\t\t\tdata-text=\"w:nowrap;s:50,50,50,30;l:55,55,55,35;fw:700;a:left,left,left,center;\"\n\t\t\t\t\t\t\t\tdata-dim=\"w:776px,776px,776px,437px;\"\n\t\t\t\t\t\t\t\tdata-basealign=\"slide\"\n\t\t\t\t\t\t\t\tdata-wrpcls=\"rev-btn2\"\n\t\t\t\t\t\t\t\tdata-frame_0=\"y:-50,-50,-50,-19;\"\n\t\t\t\t\t\t\t\tdata-frame_1=\"sp:1000;\"\n\t\t\t\t\t\t\t\tdata-frame_999=\"o:0;st:w;\"\n\t\t\t\t\t\t\t\tstyle=\"z-index:15;background:url('https:\/\/www.dbsprintsa.com\/wp-content\/uploads\/2023\/05\/shutterstock_1681180837-scaled.jpg') no-repeat center center;background-size:cover;font-family:'Poppins';\"\n\t\t\t\t\t\t\t><span class=\"fr\">Imprimeur historique de <br>beaux livres et livres <br>d&#8217;art depuis 30 ans<\/span><span class=\"en\">Historic printer of <br>beautiful books and <br>art books for 30 years<\/span><span class=\"de\">Historische Druckerei f\u00fcr <br>wundersch\u00f6ne B\u00fccher und<br>Kunstb\u00fccher seit 30 Jahren<\/span> \n\t\t\t\t\t\t\t<\/rs-layer><!--\n\n\t\t\t\t\t\t\t--><a\n\t\t\t\t\t\t\t\tid=\"slider-48-slide-190-layer-7\" \n\t\t\t\t\t\t\t\tclass=\"rs-layer rev-btn rs-pxl-2\"\n\t\t\t\t\t\t\t\thref=\"tel:+33668401009\" target=\"_self\"\n\t\t\t\t\t\t\t\tdata-type=\"button\"\n\t\t\t\t\t\t\t\tdata-rsp_ch=\"on\"\n\t\t\t\t\t\t\t\tdata-xy=\"x:c;xo:-519px,-519px,-519px,0;yo:449px,449px,449px,562px;\"\n\t\t\t\t\t\t\t\tdata-text=\"w:normal;s:27,27,27,16;l:38,38,38,30;fw:500;\"\n\t\t\t\t\t\t\t\tdata-dim=\"h:0px,0px,0px,1px;minh:0,0,0,none;\"\n\t\t\t\t\t\t\t\tdata-actions='o:click;a:menulink;target:_self;url:tel:+33668401009;sp:300;e:none;'\n\t\t\t\t\t\t\t\tdata-btrans=\"o:0;\"\n\t\t\t\t\t\t\t\tdata-padding=\"t:5,5,5,2;r:24,24,24,9;b:5,5,5,2;l:24,24,24,9;\"\n\t\t\t\t\t\t\t\tdata-frame_1=\"x:1px,1px,1px,0px;e:power4.inOut;st:1000;sp:1200;\"\n\t\t\t\t\t\t\t\tdata-frame_1_sfx=\"se:blocktoright;\"\n\t\t\t\t\t\t\t\tdata-frame_999=\"o:0;st:w;\"\n\t\t\t\t\t\t\t\tdata-frame_hover=\"o:1;bgc:#ba8350;bor:0px,0px,0px,0px;bri:120%;\"\n\t\t\t\t\t\t\t\tstyle=\"z-index:9;background-color:rgba(218,32,40,0);font-family:'Poppins';text-transform:capitalize;cursor:pointer;\"\n\t\t\t\t\t\t\t><i class=\"fa-phone\" style=\"color:transparent\"><\/i>  <span classd=\"fr\" style=\"color:transparent\">contactez-nous<\/span><span class=\"en\" style=\"color:transparent\">Contact us<\/span><span class=\"de\" style=\"color:transparent\">Kontaktieren Sie uns<\/span><br \/>\n<br \/>\n \n\t\t\t\t\t\t\t<\/a><!--\n\n\t\t\t\t\t\t\t--><rs-layer\n\t\t\t\t\t\t\t\tid=\"slider-48-slide-190-layer-8\" \n\t\t\t\t\t\t\t\tclass=\"rs-pxl-2\"\n\t\t\t\t\t\t\t\tdata-type=\"image\"\n\t\t\t\t\t\t\t\tdata-rsp_ch=\"on\"\n\t\t\t\t\t\t\t\tdata-xy=\"x:c;xo:91px,91px,91px,15px;y:m;yo:80px,80px,80px,90px;\"\n\t\t\t\t\t\t\t\tdata-text=\"w:normal;s:20,20,20,7;l:0,0,0,9;\"\n\t\t\t\t\t\t\t\tdata-dim=\"w:334px,334px,334px,237px;h:377px,377px,377px,268px;\"\n\t\t\t\t\t\t\t\tdata-basealign=\"slide\"\n\t\t\t\t\t\t\t\tdata-frame_999=\"o:0;st:w;\"\n\t\t\t\t\t\t\t\tstyle=\"z-index:12;\"\n\t\t\t\t\t\t\t><img decoding=\"async\" src=\"\/\/www.dbsprintsa.com\/wp-content\/uploads\/2023\/05\/G.png\" alt=\"\" class=\"tp-rs-img\" width=\"1186\" height=\"1339\" data-no-retina> \n\t\t\t\t\t\t\t<\/rs-layer><!--\n\n\t\t\t\t\t\t\t--><rs-layer\n\t\t\t\t\t\t\t\tid=\"slider-48-slide-190-layer-9\" \n\t\t\t\t\t\t\t\tclass=\"rs-pxl-2\"\n\t\t\t\t\t\t\t\tdata-type=\"shape\"\n\t\t\t\t\t\t\t\tdata-rsp_ch=\"on\"\n\t\t\t\t\t\t\t\tdata-xy=\"x:c;xo:-518px,-518px,-518px,-4px;yo:443px,443px,443px,553px;\"\n\t\t\t\t\t\t\t\tdata-text=\"w:normal;s:20,20,20,7;l:0,0,0,9;\"\n\t\t\t\t\t\t\t\tdata-dim=\"w:300px,300px,300px,166px;h:2px,2px,2px,3px;\"\n\t\t\t\t\t\t\t\tdata-frame_999=\"o:0;st:w;\"\n\t\t\t\t\t\t\t\tstyle=\"z-index:17;background-color:rgba(255,255,255,0);\"\n\t\t\t\t\t\t\t> \n\t\t\t\t\t\t\t<\/rs-layer><!--\n\n\t\t\t\t\t\t\t--><rs-layer\n\t\t\t\t\t\t\t\tid=\"slider-48-slide-190-layer-10\" \n\t\t\t\t\t\t\t\tclass=\"rs-pxl-2\"\n\t\t\t\t\t\t\t\tdata-type=\"shape\"\n\t\t\t\t\t\t\t\tdata-rsp_ch=\"on\"\n\t\t\t\t\t\t\t\tdata-xy=\"x:c;xo:-519px,-519px,-519px,-5px;yo:504px,504px,504px,602px;\"\n\t\t\t\t\t\t\t\tdata-text=\"w:normal;s:20,20,20,7;l:0,0,0,9;\"\n\t\t\t\t\t\t\t\tdata-dim=\"w:301px,301px,301px,166px;h:2px,2px,2px,3px;\"\n\t\t\t\t\t\t\t\tdata-frame_999=\"o:0;st:w;\"\n\t\t\t\t\t\t\t\tstyle=\"z-index:16;background-color:rgba(255,255,255,0);\"\n\t\t\t\t\t\t\t> \n\t\t\t\t\t\t\t<\/rs-layer><!--\n\n\t\t\t\t\t\t\t--><rs-layer\n\t\t\t\t\t\t\t\tid=\"slider-48-slide-190-layer-11\" \n\t\t\t\t\t\t\t\tclass=\"rs-pxl-2\"\n\t\t\t\t\t\t\t\tdata-type=\"text\"\n\t\t\t\t\t\t\t\tdata-color=\"#000000\"\n\t\t\t\t\t\t\t\tdata-rsp_ch=\"on\"\n\t\t\t\t\t\t\t\tdata-xy=\"x:l,l,l,c;xo:767px,767px,767px,164px;yo:370px,370px,370px,196px;\"\n\t\t\t\t\t\t\t\tdata-text=\"w:normal;s:50,50,50,22;l:50,50,50,30;\"\n\t\t\t\t\t\t\t\tdata-dim=\"w:auto,auto,auto,35px;h:auto,auto,auto,39px;\"\n\t\t\t\t\t\t\t\tdata-basealign=\"slide\"\n\t\t\t\t\t\t\t\tdata-wrpcls=\"fr\"\n\t\t\t\t\t\t\t\tdata-padding=\"t:0,0,0,5;r:0,0,0,5;b:0,0,0,5;l:0,0,0,5;\"\n\t\t\t\t\t\t\t\tdata-frame_999=\"o:0;st:w;\"\n\t\t\t\t\t\t\t\tstyle=\"z-index:20;font-family:'Roboto';\"\n\t\t\t\t\t\t\t><i class=\"fa-quote-right\"><\/i> \n\t\t\t\t\t\t\t<\/rs-layer><!--\n\n\t\t\t\t\t\t\t--><rs-layer\n\t\t\t\t\t\t\t\tid=\"slider-48-slide-190-layer-12\" \n\t\t\t\t\t\t\t\tclass=\"rs-pxl-2\"\n\t\t\t\t\t\t\t\tdata-type=\"image\"\n\t\t\t\t\t\t\t\tdata-rsp_ch=\"on\"\n\t\t\t\t\t\t\t\tdata-xy=\"x:r;xo:-503px,-503px,-503px,-194px;yo:-400px,-400px,-400px,-154px;\"\n\t\t\t\t\t\t\t\tdata-text=\"w:normal;s:20,20,20,7;l:0,0,0,9;\"\n\t\t\t\t\t\t\t\tdata-dim=\"w:1485px,1485px,1485px,574px;h:['110%','110%','110%','110%'];\"\n\t\t\t\t\t\t\t\tdata-basealign=\"slide\"\n\t\t\t\t\t\t\t\tdata-frame_999=\"o:0;st:w;\"\n\t\t\t\t\t\t\t\tstyle=\"z-index:21;\"\n\t\t\t\t\t\t\t><img decoding=\"async\" src=\"\/\/www.dbsprintsa.com\/wp-content\/uploads\/2023\/05\/matthieuSunRays2.png\" alt=\"\" class=\"tp-rs-img\" width=\"3000\" height=\"2000\" data-no-retina> \n\t\t\t\t\t\t\t<\/rs-layer><!--\n\n\t\t\t\t\t\t\t--><rs-layer\n\t\t\t\t\t\t\t\tid=\"slider-48-slide-190-layer-14\" \n\t\t\t\t\t\t\t\tclass=\"rs-pxl-2\"\n\t\t\t\t\t\t\t\tdata-type=\"text\"\n\t\t\t\t\t\t\t\tdata-color=\"#000000\"\n\t\t\t\t\t\t\t\tdata-rsp_ch=\"on\"\n\t\t\t\t\t\t\t\tdata-xy=\"x:l,l,l,c;xo:976px,976px,976px,214px;yo:370px,370px,370px,296px;\"\n\t\t\t\t\t\t\t\tdata-text=\"w:normal;s:50,50,50,22;l:50,50,50,30;\"\n\t\t\t\t\t\t\t\tdata-dim=\"w:auto,auto,auto,35px;h:auto,auto,auto,39px;\"\n\t\t\t\t\t\t\t\tdata-basealign=\"slide\"\n\t\t\t\t\t\t\t\tdata-wrpcls=\"de\"\n\t\t\t\t\t\t\t\tdata-padding=\"t:0,0,0,5;r:0,0,0,5;b:0,0,0,5;l:0,0,0,5;\"\n\t\t\t\t\t\t\t\tdata-frame_999=\"o:0;st:w;\"\n\t\t\t\t\t\t\t\tstyle=\"z-index:18;font-family:'Roboto';\"\n\t\t\t\t\t\t\t><i class=\"fa-quote-right\"><\/i> \n\t\t\t\t\t\t\t<\/rs-layer><!--\n\n\t\t\t\t\t\t\t--><rs-layer\n\t\t\t\t\t\t\t\tid=\"slider-48-slide-190-layer-15\" \n\t\t\t\t\t\t\t\tclass=\"rs-pxl-2\"\n\t\t\t\t\t\t\t\tdata-type=\"text\"\n\t\t\t\t\t\t\t\tdata-color=\"#000000\"\n\t\t\t\t\t\t\t\tdata-rsp_ch=\"on\"\n\t\t\t\t\t\t\t\tdata-xy=\"x:l,l,l,c;xo:826px,826px,826px,184px;yo:370px,370px,370px,296px;\"\n\t\t\t\t\t\t\t\tdata-text=\"w:normal;s:50,50,50,22;l:50,50,50,30;\"\n\t\t\t\t\t\t\t\tdata-dim=\"w:auto,auto,auto,35px;h:auto,auto,auto,39px;\"\n\t\t\t\t\t\t\t\tdata-basealign=\"slide\"\n\t\t\t\t\t\t\t\tdata-wrpcls=\"en\"\n\t\t\t\t\t\t\t\tdata-padding=\"t:0,0,0,5;r:0,0,0,5;b:0,0,0,5;l:0,0,0,5;\"\n\t\t\t\t\t\t\t\tdata-frame_999=\"o:0;st:w;\"\n\t\t\t\t\t\t\t\tstyle=\"z-index:19;font-family:'Roboto';\"\n\t\t\t\t\t\t\t><i class=\"fa-quote-right\"><\/i> \n\t\t\t\t\t\t\t<\/rs-layer><!--\n-->\t\t\t\t\t\t<\/rs-slide>\n\t\t\t\t\t<\/rs-slides>\n\t\t\t\t<\/rs-module>\n\t\t\t\t<script>\n\t\t\t\t\tsetREVStartSize({c: 'rev_slider_48_1',rl:[1240,1240,1240,480],el:[900,900,900,720],gw:[1240,1240,1240,480],gh:[900,900,900,720],type:'standard',justify:'',layout:'fullwidth',mh:\"0\"});if (window.RS_MODULES!==undefined && window.RS_MODULES.modules!==undefined && window.RS_MODULES.modules[\"revslider481\"]!==undefined) {window.RS_MODULES.modules[\"revslider481\"].once = false;window.revapi48 = undefined;if (window.RS_MODULES.checkMinimal!==undefined) window.RS_MODULES.checkMinimal()}\n\t\t\t\t<\/script>\n\t\t\t<\/rs-module-wrap>\n\t\t\t<!-- END REVOLUTION SLIDER -->\n<p>\u00a0<\/p><p>\u00a0<\/p>\t\t\t\t\t<\/div>\n\t\t\t\t\t\t<\/div>\n\t\t\t\t<\/div>\n\t\t\t\t\t\t<\/div>\n\t\t\t\t\t<\/div>\n\t\t<\/div>\n\t\t\t\t\t\t\t\t<\/div>\n\t\t\t\t\t<\/div>\n\t\t<\/section>\n\t\t\t\t\t\t\t\t\t<\/div>\n\t\t\t<\/div>\n\t\t\t\t\t<\/div>\n\t\t","protected":false},"excerpt":{"rendered":"<p>\u00a0 \u00a0<\/p>\n","protected":false},"author":207,"featured_media":0,"parent":0,"menu_order":0,"comment_status":"closed","ping_status":"closed","template":"..\/public\/views\/revslider-page-template.php","meta":[],"yoast_head":"<!-- This site is optimized with the Yoast SEO plugin v20.0 - https:\/\/yoast.com\/wordpress\/plugins\/seo\/ -->\n<title>New slider -<\/title>\n<meta name=\"robots\" content=\"index, follow, max-snippet:-1, max-image-preview:large, max-video-preview:-1\" \/>\n<link rel=\"canonical\" href=\"https:\/\/www.dbsprintsa.com\/de\/new-slider\/\" \/>\n<meta property=\"og:locale\" content=\"de_DE\" \/>\n<meta property=\"og:locale:alternate\" content=\"en_US\" \/>\n<meta property=\"og:locale:alternate\" content=\"fr_FR\" \/>\n<meta property=\"og:type\" content=\"article\" \/>\n<meta property=\"og:title\" content=\"New slider -\" \/>\n<meta property=\"og:description\" content=\"\u00a0 \u00a0\" \/>\n<meta property=\"og:url\" content=\"https:\/\/www.dbsprintsa.com\/de\/new-slider\/\" \/>\n<meta property=\"article:modified_time\" content=\"2023-05-25T19:28:36+00:00\" \/>\n<meta name=\"twitter:card\" content=\"summary_large_image\" \/>\n<meta name=\"twitter:label1\" content=\"Gesch\u00e4tzte Lesezeit\" \/>\n\t<meta name=\"twitter:data1\" content=\"1\u00a0Minute\" \/>\n<script type=\"application\/ld+json\" class=\"yoast-schema-graph\">{\"@context\":\"https:\/\/schema.org\",\"@graph\":[{\"@type\":\"WebPage\",\"@id\":\"https:\/\/www.dbsprintsa.com\/new-slider\/\",\"url\":\"https:\/\/www.dbsprintsa.com\/new-slider\/\",\"name\":\"New slider -\",\"isPartOf\":{\"@id\":\"https:\/\/www.dbsprintsa.com\/#website\"},\"datePublished\":\"2023-05-21T00:57:51+00:00\",\"dateModified\":\"2023-05-25T19:28:36+00:00\",\"breadcrumb\":{\"@id\":\"https:\/\/www.dbsprintsa.com\/new-slider\/#breadcrumb\"},\"inLanguage\":\"de-DE\",\"potentialAction\":[{\"@type\":\"ReadAction\",\"target\":[\"https:\/\/www.dbsprintsa.com\/new-slider\/\"]}]},{\"@type\":\"BreadcrumbList\",\"@id\":\"https:\/\/www.dbsprintsa.com\/new-slider\/#breadcrumb\",\"itemListElement\":[{\"@type\":\"ListItem\",\"position\":1,\"name\":\"Accueil\",\"item\":\"https:\/\/www.dbsprintsa.com\/\"},{\"@type\":\"ListItem\",\"position\":2,\"name\":\"New slider\"}]},{\"@type\":\"WebSite\",\"@id\":\"https:\/\/www.dbsprintsa.com\/#website\",\"url\":\"https:\/\/www.dbsprintsa.com\/\",\"name\":\"\",\"description\":\"Le succ\u00e8s de vos projets d&#039;impression\",\"publisher\":{\"@id\":\"https:\/\/www.dbsprintsa.com\/#organization\"},\"potentialAction\":[{\"@type\":\"SearchAction\",\"target\":{\"@type\":\"EntryPoint\",\"urlTemplate\":\"https:\/\/www.dbsprintsa.com\/?s={search_term_string}\"},\"query-input\":\"required name=search_term_string\"}],\"inLanguage\":\"de-DE\"},{\"@type\":\"Organization\",\"@id\":\"https:\/\/www.dbsprintsa.com\/#organization\",\"name\":\"DBSprint\",\"url\":\"https:\/\/www.dbsprintsa.com\/\",\"logo\":{\"@type\":\"ImageObject\",\"inLanguage\":\"de-DE\",\"@id\":\"https:\/\/www.dbsprintsa.com\/#\/schema\/logo\/image\/\",\"url\":\"https:\/\/www.dbsprintsa.com\/wp-content\/uploads\/2020\/04\/dbsprint_sa-HD.png\",\"contentUrl\":\"https:\/\/www.dbsprintsa.com\/wp-content\/uploads\/2020\/04\/dbsprint_sa-HD.png\",\"width\":500,\"height\":159,\"caption\":\"DBSprint\"},\"image\":{\"@id\":\"https:\/\/www.dbsprintsa.com\/#\/schema\/logo\/image\/\"},\"sameAs\":[\"https:\/\/www.linkedin.com\/company\/dbsprint\/?viewAsMember=true\",\"https:\/\/www.youtube.com\/watch?v=yGX8pM6pWkM\"]}]}<\/script>\n<!-- \/ Yoast SEO plugin. -->","yoast_head_json":{"title":"New slider -","robots":{"index":"index","follow":"follow","max-snippet":"max-snippet:-1","max-image-preview":"max-image-preview:large","max-video-preview":"max-video-preview:-1"},"canonical":"https:\/\/www.dbsprintsa.com\/de\/new-slider\/","og_locale":"de_DE","og_type":"article","og_title":"New slider -","og_description":"\u00a0 \u00a0","og_url":"https:\/\/www.dbsprintsa.com\/de\/new-slider\/","article_modified_time":"2023-05-25T19:28:36+00:00","twitter_card":"summary_large_image","twitter_misc":{"Gesch\u00e4tzte Lesezeit":"1\u00a0Minute"},"schema":{"@context":"https:\/\/schema.org","@graph":[{"@type":"WebPage","@id":"https:\/\/www.dbsprintsa.com\/new-slider\/","url":"https:\/\/www.dbsprintsa.com\/new-slider\/","name":"New slider -","isPartOf":{"@id":"https:\/\/www.dbsprintsa.com\/#website"},"datePublished":"2023-05-21T00:57:51+00:00","dateModified":"2023-05-25T19:28:36+00:00","breadcrumb":{"@id":"https:\/\/www.dbsprintsa.com\/new-slider\/#breadcrumb"},"inLanguage":"de-DE","potentialAction":[{"@type":"ReadAction","target":["https:\/\/www.dbsprintsa.com\/new-slider\/"]}]},{"@type":"BreadcrumbList","@id":"https:\/\/www.dbsprintsa.com\/new-slider\/#breadcrumb","itemListElement":[{"@type":"ListItem","position":1,"name":"Accueil","item":"https:\/\/www.dbsprintsa.com\/"},{"@type":"ListItem","position":2,"name":"New slider"}]},{"@type":"WebSite","@id":"https:\/\/www.dbsprintsa.com\/#website","url":"https:\/\/www.dbsprintsa.com\/","name":"","description":"Le succ\u00e8s de vos projets d&#039;impression","publisher":{"@id":"https:\/\/www.dbsprintsa.com\/#organization"},"potentialAction":[{"@type":"SearchAction","target":{"@type":"EntryPoint","urlTemplate":"https:\/\/www.dbsprintsa.com\/?s={search_term_string}"},"query-input":"required name=search_term_string"}],"inLanguage":"de-DE"},{"@type":"Organization","@id":"https:\/\/www.dbsprintsa.com\/#organization","name":"DBSprint","url":"https:\/\/www.dbsprintsa.com\/","logo":{"@type":"ImageObject","inLanguage":"de-DE","@id":"https:\/\/www.dbsprintsa.com\/#\/schema\/logo\/image\/","url":"https:\/\/www.dbsprintsa.com\/wp-content\/uploads\/2020\/04\/dbsprint_sa-HD.png","contentUrl":"https:\/\/www.dbsprintsa.com\/wp-content\/uploads\/2020\/04\/dbsprint_sa-HD.png","width":500,"height":159,"caption":"DBSprint"},"image":{"@id":"https:\/\/www.dbsprintsa.com\/#\/schema\/logo\/image\/"},"sameAs":["https:\/\/www.linkedin.com\/company\/dbsprint\/?viewAsMember=true","https:\/\/www.youtube.com\/watch?v=yGX8pM6pWkM"]}]}},"_links":{"self":[{"href":"https:\/\/www.dbsprintsa.com\/de\/wp-json\/wp\/v2\/pages\/26549"}],"collection":[{"href":"https:\/\/www.dbsprintsa.com\/de\/wp-json\/wp\/v2\/pages"}],"about":[{"href":"https:\/\/www.dbsprintsa.com\/de\/wp-json\/wp\/v2\/types\/page"}],"author":[{"embeddable":true,"href":"https:\/\/www.dbsprintsa.com\/de\/wp-json\/wp\/v2\/users\/207"}],"replies":[{"embeddable":true,"href":"https:\/\/www.dbsprintsa.com\/de\/wp-json\/wp\/v2\/comments?post=26549"}],"version-history":[{"count":12,"href":"https:\/\/www.dbsprintsa.com\/de\/wp-json\/wp\/v2\/pages\/26549\/revisions"}],"predecessor-version":[{"id":27744,"href":"https:\/\/www.dbsprintsa.com\/de\/wp-json\/wp\/v2\/pages\/26549\/revisions\/27744"}],"wp:attachment":[{"href":"https:\/\/www.dbsprintsa.com\/de\/wp-json\/wp\/v2\/media?parent=26549"}],"curies":[{"name":"wp","href":"https:\/\/api.w.org\/{rel}","templated":true}]}}